{"id":1683,"date":"2021-07-29T09:07:54","date_gmt":"2021-07-29T06:07:54","guid":{"rendered":"http:\/\/restauranteodissei.es\/?page_id=1683"},"modified":"2021-07-29T09:43:09","modified_gmt":"2021-07-29T06:43:09","slug":"aviso-legal-es","status":"publish","type":"page","link":"https:\/\/restauranteodissei.es\/?page_id=1683","title":{"rendered":"Aviso Legal &#8212; Es"},"content":{"rendered":"\t\t<div data-elementor-type=\"wp-page\" data-elementor-id=\"1683\" class=\"elementor elementor-1683\" data-elementor-settings=\"[]\">\n\t\t\t\t\t\t\t<div class=\"elementor-section-wrap\">\n\t\t\t\t\t\t\t<section class=\"elementor-section elementor-top-section elementor-element elementor-element-0e6ecf1 elementor-section-boxed elementor-section-height-default elementor-section-height-default\" data-id=\"0e6ecf1\" data-element_type=\"section\">\n\t\t\t\t\t\t<div class=\"elementor-container elementor-column-gap-default\">\n\t\t\t\t\t<div class=\"elementor-column elementor-col-100 elementor-top-column elementor-element elementor-element-8662c76\" data-id=\"8662c76\" data-element_type=\"column\">\n\t\t\t<div class=\"elementor-widget-wrap elementor-element-populated\">\n\t\t\t\t\t\t\t\t<div class=\"elementor-element elementor-element-b785f67 elementor-widget elementor-widget-text-editor\" data-id=\"b785f67\" data-element_type=\"widget\" data-widget_type=\"text-editor.default\">\n\t\t\t\t<div class=\"elementor-widget-container\">\n\t\t\t\t\t\t\t\t<p><!-- wp:paragraph --><\/p><h2>Aviso Legal<\/h2><p><br \/>Primero.- Ley de Servicios de Sociedad de la Informaci\u00f3n<br \/>En cumplimiento de la Ley 34\/2002, de 11 de julio, de Servicios de la Sociedad de la Informaci\u00f3n y de Comercio Electr\u00f3nico, y la Directiva Europea 2000\/31\/CE se informa que el presente sitio Web pertenece a Maria Gastiulina (en adelante ODISSEI), con CIF Y5633982P y direcci\u00f3n sita en C\/ Francisco de Cossio 10, 29004 M\u00e1laga<br \/>Puede contactar con el propietario de la p\u00e1gina a trav\u00e9s del tel\u00e9fono: 698 24 24 53 o correo electr\u00f3nico odisei100686@yandex.ru<\/p><p>\u00a0<\/p><p>Segundo.- Objeto de la p\u00e1gina web<\/p><p><br \/>A los efectos del cumplimiento de la Ley 34\/2002, de 11 de julio, de servicios de la sociedad de la informaci\u00f3n y de comercio electr\u00f3nico, en adelante LSSI, el propietario del dominio le informa que la finalidad de la P\u00e1gina Web es publicitaria e informativa de los servicios que presta, y asimismo se permite enviar consultas sobre dichos servicios a trav\u00e9s del formulario de contacto del sitio web.<br \/>Los datos personales que usted nos facilite para cualquiera de las opciones ser\u00e1n tratados exclusivamente para ponernos en contacto a fin de dar respuesta a sus solicitudes de informaci\u00f3n, no pudiendo hacer otros usos de los mismos ni cederlos a terceros sin su consentimiento, salvo aquellas cesiones previstas legalmente.<br \/>El presente aviso legal establece las condiciones de uso del portal.<br \/>El hecho de continuar la navegaci\u00f3n por este Portal o el uso de cualquiera de los servicios propuestos supondr\u00e1 la aceptaci\u00f3n de las presentes condiciones.<\/p><p><br \/>Tercero.- Condiciones de acceso del usuario.<\/p><p><br \/>El usuario se obliga a usar la informaci\u00f3n contenida en el presente sitio de Internet para las finalidades propias del Portal exclusivamente, no realizando ning\u00fan tipo de explotaci\u00f3n comercial diferente a los usos autorizados.<br \/>El usuario de la p\u00e1gina web tendr\u00e1 derecho al acceso libre y gratuito a la informaci\u00f3n p\u00fablica recogida en la misma, si bien ODISSEI se reserva el derecho a restringir el acceso a determinadas secciones y servicios del Portal a los usuarios registrados.<br \/>El Usuario responder\u00e1 frente a ODISSEI o frente a terceros, de cualesquiera da\u00f1os y perjuicios que pudieran causarse como consecuencia del incumplimiento de dicha obligaci\u00f3n.<br \/>El acceso al Portal es gratuito, debiendo \u00fanicamente el usuario hacer frente a los costes derivados del coste de acceso a la Red.<br \/>No obstante, alguna parte del Portal puede suponer el acceso a servicios de pago, lo que se indicar\u00e1 antes de acceder a estos.<br \/>Cuarto. Limitaci\u00f3n de responsabilidad.<br \/>Si bien el responsable del portal ponen todo su empe\u00f1o en que los contenidos propios del Portal o de terceros incluidos en \u00e9ste, est\u00e9n libres de cualquier error, el titular del Portal no se responsabiliza ni asegura su veracidad, idoneidad ni de las consecuencias que se produzcan por el uso de estos.<br \/>El titular del Portal no se responsabiliza por la existencia de virus, gusanos, o cualquier otro elemento equivalente, siendo el usuario el \u00fanico responsable de proveerse de los mecanismos necesarios para evitar la verificaci\u00f3n de da\u00f1os a sus equipos o sistemas de informaci\u00f3n.<br \/>ODISSEI no asume ning\u00fan tipo de responsabilidad por raz\u00f3n de la transmisi\u00f3n, difusi\u00f3n, almacenamiento, puesta a disposici\u00f3n, recepci\u00f3n, acceso o uso del sitio web, y, en particular, por lo siguiente:<br \/>a. La existencia de cualquier fallo en el acceso, que provoque una interrupci\u00f3n, o de programaci\u00f3n, relacionados con el sitio web y su funcionamiento, cualquiera que sea su origen, cualquier elemento nocivo, o la intervenci\u00f3n de un tercero, as\u00ed como: ca\u00edda del servidor, actualizaci\u00f3n y precisi\u00f3n de los datos, labores de mantenimiento,insuficiente capacidad para soportar los sistemas inform\u00e1ticos necesarios para la utilizaci\u00f3n del servicio ofrecido, etc\u2026<br \/>b. La realizaci\u00f3n de actos de competencia desleal y publicidad il\u00edcita como consecuencia de la transmisi\u00f3n, difusi\u00f3n, almacenamiento, puesta a disposici\u00f3n,recepci\u00f3n, obtenci\u00f3n de o acceso al sitio web o a sus contenidos. La falta de veracidad, exactitud, exhaustividad, pertinencia y\/o actualidad del sitio web o de sus contenidos.<br \/>c. La posible falta de adecuaci\u00f3n a finalidades o cumplimiento de expectativas que pudieran generar el sitio web o sus contenidos.<\/p><p><br \/>Quinto.- Propiedad intelectual<\/p><p><br \/>La informaci\u00f3n usada y desplegada en la web, incluidos el software, gr\u00e1ficos, ilustraciones, nombres, logotipos y marcas, es propiedad de NAPOLI y est\u00e1 protegida por las Leyes Internacionales de Propiedad Intelectual e Industrial y en especial por el Real Decreto Legislativo 1\/1996, de 12 de abril.<br \/>Queda prohibido copiar, modificar, crear una obra derivada, invertir la concepci\u00f3n o la uni\u00f3n o de cualquier otra forma intentar encontrar el c\u00f3digo fuente, vender, atribuir, sublicenciar o transferir de la forma que sea todo derecho referente a los programas inform\u00e1ticos. Adem\u00e1s, est\u00e1 igualmente prohibido modificar el programa inform\u00e1tico o utilizar versiones modificadas de los programas y, sobre todo, cuando se haga para (sin que esta enumeraci\u00f3n sea limitativa) obtener un acceso no autorizado al servicio y acceder al sitio web por otro medio que el interfaz proporcionado por ODISSEI.<\/p><p><br \/>Sexto.- Enlaces al Portal<\/p><p><br \/>Est\u00e1 permitida la introducci\u00f3n de enlaces al portal, no obstante estos han de apuntar directamente a la p\u00e1gina inicial de manera completa. Para establecer cualquier otro tipo de enlace, el interesado deber\u00e1 contar con la autorizaci\u00f3n por escrito de los administradores del<\/p><p><br \/>Portal.<\/p><p><br \/>Queda prohibido terminantemente, independientemente del tipo de enlace que se haga al Portal, establecer marcos, frames o cualquier otro mecanismo que permita la visualizaci\u00f3n de los contenidos a trav\u00e9s de otro sitio distinto al Portal.<\/p><p><br \/>S\u00e9ptimo.- Uso del sitio web<\/p><p><br \/>Con los l\u00edmites establecidos en la ley, el usuario asumir\u00e1 todo tipo de responsabilidad legal derivada del uso incorrecto, inapropiado o il\u00edcito de la p\u00e1gina web, como puede ser:<br \/>a) usar cualquier dispositivo, software, virus, malware, o rutina para interferir o intentar interferir el buen funcionamiento del sitio,<br \/>b) el uso de \u201cphishing\u201d, o suplantaci\u00f3n de la identidad de otra persona actuando en su nombre,<br \/>c) el uso de la p\u00e1gina web para publicitarse a trav\u00e9s de la presencia de links, marketing on-line o cualquier otro medio que pudiera suponer el uso de publicidad fraudulenta,<br \/>d) La publicaci\u00f3n de cualquier contenido que resulte amenazante o violento.<\/p><p><br \/>Octavo.- Consentimiento y Fuero<\/p><p><br \/>El usuario est\u00e1 de acuerdo con las condiciones descritas y asume cualquier tipo de responsabilidad legal si incumpliera los t\u00e9rminos aqu\u00ed descritos, para cualquier tipo de controversia derivada de la utilizaci\u00f3n de los servicios ofrecidos o de los contenidos propios del Portal, las partes renuncian a cualquier fuero legal expresamente, siendo el fuero competentes los Tribunales y Juzgados de Madrid (Espa\u00f1a).<\/p><p><br \/>Noveno.- Vigencia de las condiciones de uso<\/p><p><br \/>Las presentes condiciones de utilizaci\u00f3n del Portal tienen car\u00e1cter indefinido. No obstante, ODISSEI se reserva el derecho a modificar de manera unilateral estas condiciones cuando lo considere oportuno. Cualquier modificaci\u00f3n entrar\u00e1 en vigor en el momento en que sea publicada en la p\u00e1gina Web inicial del Portal.<\/p><p><!-- \/wp:paragraph --><\/p>\t\t\t\t\t\t<\/div>\n\t\t\t\t<\/div>\n\t\t\t\t\t<\/div>\n\t\t<\/div>\n\t\t\t\t\t\t\t<\/div>\n\t\t<\/section>\n\t\t\t\t\t\t<\/div>\n\t\t\t\t\t<\/div>\n\t\t","protected":false},"excerpt":{"rendered":"<p>Aviso Legal Primero.- Ley de Servicios de Sociedad de la Informaci\u00f3nEn cumplimiento de la Ley 34\/2002, de 11 de julio, de Servicios de la Sociedad de la Informaci\u00f3n y de Comercio Electr\u00f3nico, y la Directiva Europea 2000\/31\/CE se informa que el presente sitio Web pertenece a Maria Gastiulina (en adelante ODISSEI), con CIF Y5633982P y [&hellip;]<\/p>\n","protected":false},"author":2,"featured_media":0,"parent":1656,"menu_order":0,"comment_status":"closed","ping_status":"closed","template":"elementor_header_footer","meta":{"footnotes":""},"class_list":["post-1683","page","type-page","status-publish","hentry"],"yoast_head":"<!-- This site is optimized with the Yoast SEO plugin v27.5 - https:\/\/yoast.com\/product\/yoast-seo-wordpress\/ -->\n<title>Restaurante Odissei<\/title>\n<meta name=\"description\" content=\"Cocina georgiana. Grill restaurante. Comida de Georgia en M\u00e1laga. Asador.\" \/>\n<meta name=\"robots\" content=\"index, follow, max-snippet:-1, max-image-preview:large, max-video-preview:-1\" \/>\n<link rel=\"canonical\" href=\"https:\/\/restauranteodissei.es\/?page_id=1683\" \/>\n<meta property=\"og:locale\" content=\"ru_RU\" \/>\n<meta property=\"og:type\" content=\"article\" \/>\n<meta property=\"og:title\" content=\"Restaurante Odissei\" \/>\n<meta property=\"og:description\" content=\"Cocina georgiana. Grill restaurante. Comida de Georgia en M\u00e1laga. Asador.\" \/>\n<meta property=\"og:url\" content=\"https:\/\/restauranteodissei.es\/?page_id=1683\" \/>\n<meta property=\"og:site_name\" content=\"Restaurante Odissei\" \/>\n<meta property=\"article:publisher\" content=\"https:\/\/www.facebook.com\/groups\/1592865247608490\/user\/100045490943863\" \/>\n<meta property=\"article:modified_time\" content=\"2021-07-29T06:43:09+00:00\" \/>\n<meta name=\"twitter:card\" content=\"summary_large_image\" \/>\n<meta name=\"twitter:label1\" content=\"\u041f\u0440\u0438\u043c\u0435\u0440\u043d\u043e\u0435 \u0432\u0440\u0435\u043c\u044f \u0434\u043b\u044f \u0447\u0442\u0435\u043d\u0438\u044f\" \/>\n\t<meta name=\"twitter:data1\" content=\"6 \u043c\u0438\u043d\u0443\u0442\" \/>\n<script type=\"application\/ld+json\" class=\"yoast-schema-graph\">{\"@context\":\"https:\\\/\\\/schema.org\",\"@graph\":[{\"@type\":\"WebPage\",\"@id\":\"https:\\\/\\\/restauranteodissei.es\\\/?page_id=1683\",\"url\":\"https:\\\/\\\/restauranteodissei.es\\\/?page_id=1683\",\"name\":\"Restaurante Odissei\",\"isPartOf\":{\"@id\":\"https:\\\/\\\/restauranteodissei.es\\\/#website\"},\"datePublished\":\"2021-07-29T06:07:54+00:00\",\"dateModified\":\"2021-07-29T06:43:09+00:00\",\"description\":\"Cocina georgiana. Grill restaurante. Comida de Georgia en M\u00e1laga. Asador.\",\"breadcrumb\":{\"@id\":\"https:\\\/\\\/restauranteodissei.es\\\/?page_id=1683#breadcrumb\"},\"inLanguage\":\"ru-RU\",\"potentialAction\":[{\"@type\":\"ReadAction\",\"target\":[\"https:\\\/\\\/restauranteodissei.es\\\/?page_id=1683\"]}]},{\"@type\":\"BreadcrumbList\",\"@id\":\"https:\\\/\\\/restauranteodissei.es\\\/?page_id=1683#breadcrumb\",\"itemListElement\":[{\"@type\":\"ListItem\",\"position\":1,\"name\":\"\u0413\u043b\u0430\u0432\u043d\u0430\u044f \u0441\u0442\u0440\u0430\u043d\u0438\u0446\u0430\",\"item\":\"https:\\\/\\\/restauranteodissei.es\\\/\"},{\"@type\":\"ListItem\",\"position\":2,\"name\":\"Restaurante Odissei\",\"item\":\"https:\\\/\\\/restauranteodissei.es\\\/\"},{\"@type\":\"ListItem\",\"position\":3,\"name\":\"Aviso Legal &#8212; Es\"}]},{\"@type\":\"WebSite\",\"@id\":\"https:\\\/\\\/restauranteodissei.es\\\/#website\",\"url\":\"https:\\\/\\\/restauranteodissei.es\\\/\",\"name\":\"Restaurante Odissei\",\"description\":\"Comida de Georgia en M\u00e1laga\",\"publisher\":{\"@id\":\"https:\\\/\\\/restauranteodissei.es\\\/#organization\"},\"potentialAction\":[{\"@type\":\"SearchAction\",\"target\":{\"@type\":\"EntryPoint\",\"urlTemplate\":\"https:\\\/\\\/restauranteodissei.es\\\/?s={search_term_string}\"},\"query-input\":{\"@type\":\"PropertyValueSpecification\",\"valueRequired\":true,\"valueName\":\"search_term_string\"}}],\"inLanguage\":\"ru-RU\"},{\"@type\":\"Organization\",\"@id\":\"https:\\\/\\\/restauranteodissei.es\\\/#organization\",\"name\":\"Restaurante Odissei\",\"url\":\"https:\\\/\\\/restauranteodissei.es\\\/\",\"logo\":{\"@type\":\"ImageObject\",\"inLanguage\":\"ru-RU\",\"@id\":\"https:\\\/\\\/restauranteodissei.es\\\/#\\\/schema\\\/logo\\\/image\\\/\",\"url\":\"http:\\\/\\\/restauranteodissei.es\\\/wp-content\\\/uploads\\\/Logo-1-1.png\",\"contentUrl\":\"http:\\\/\\\/restauranteodissei.es\\\/wp-content\\\/uploads\\\/Logo-1-1.png\",\"width\":465,\"height\":184,\"caption\":\"Restaurante Odissei\"},\"image\":{\"@id\":\"https:\\\/\\\/restauranteodissei.es\\\/#\\\/schema\\\/logo\\\/image\\\/\"},\"sameAs\":[\"https:\\\/\\\/www.facebook.com\\\/groups\\\/1592865247608490\\\/user\\\/100045490943863\"]}]}<\/script>\n<!-- \/ Yoast SEO plugin. -->","yoast_head_json":{"title":"Restaurante Odissei","description":"Cocina georgiana. Grill restaurante. Comida de Georgia en M\u00e1laga. Asador.","robots":{"index":"index","follow":"follow","max-snippet":"max-snippet:-1","max-image-preview":"max-image-preview:large","max-video-preview":"max-video-preview:-1"},"canonical":"https:\/\/restauranteodissei.es\/?page_id=1683","og_locale":"ru_RU","og_type":"article","og_title":"Restaurante Odissei","og_description":"Cocina georgiana. Grill restaurante. Comida de Georgia en M\u00e1laga. Asador.","og_url":"https:\/\/restauranteodissei.es\/?page_id=1683","og_site_name":"Restaurante Odissei","article_publisher":"https:\/\/www.facebook.com\/groups\/1592865247608490\/user\/100045490943863","article_modified_time":"2021-07-29T06:43:09+00:00","twitter_card":"summary_large_image","twitter_misc":{"\u041f\u0440\u0438\u043c\u0435\u0440\u043d\u043e\u0435 \u0432\u0440\u0435\u043c\u044f \u0434\u043b\u044f \u0447\u0442\u0435\u043d\u0438\u044f":"6 \u043c\u0438\u043d\u0443\u0442"},"schema":{"@context":"https:\/\/schema.org","@graph":[{"@type":"WebPage","@id":"https:\/\/restauranteodissei.es\/?page_id=1683","url":"https:\/\/restauranteodissei.es\/?page_id=1683","name":"Restaurante Odissei","isPartOf":{"@id":"https:\/\/restauranteodissei.es\/#website"},"datePublished":"2021-07-29T06:07:54+00:00","dateModified":"2021-07-29T06:43:09+00:00","description":"Cocina georgiana. Grill restaurante. Comida de Georgia en M\u00e1laga. Asador.","breadcrumb":{"@id":"https:\/\/restauranteodissei.es\/?page_id=1683#breadcrumb"},"inLanguage":"ru-RU","potentialAction":[{"@type":"ReadAction","target":["https:\/\/restauranteodissei.es\/?page_id=1683"]}]},{"@type":"BreadcrumbList","@id":"https:\/\/restauranteodissei.es\/?page_id=1683#breadcrumb","itemListElement":[{"@type":"ListItem","position":1,"name":"\u0413\u043b\u0430\u0432\u043d\u0430\u044f \u0441\u0442\u0440\u0430\u043d\u0438\u0446\u0430","item":"https:\/\/restauranteodissei.es\/"},{"@type":"ListItem","position":2,"name":"Restaurante Odissei","item":"https:\/\/restauranteodissei.es\/"},{"@type":"ListItem","position":3,"name":"Aviso Legal &#8212; Es"}]},{"@type":"WebSite","@id":"https:\/\/restauranteodissei.es\/#website","url":"https:\/\/restauranteodissei.es\/","name":"Restaurante Odissei","description":"Comida de Georgia en M\u00e1laga","publisher":{"@id":"https:\/\/restauranteodissei.es\/#organization"},"potentialAction":[{"@type":"SearchAction","target":{"@type":"EntryPoint","urlTemplate":"https:\/\/restauranteodissei.es\/?s={search_term_string}"},"query-input":{"@type":"PropertyValueSpecification","valueRequired":true,"valueName":"search_term_string"}}],"inLanguage":"ru-RU"},{"@type":"Organization","@id":"https:\/\/restauranteodissei.es\/#organization","name":"Restaurante Odissei","url":"https:\/\/restauranteodissei.es\/","logo":{"@type":"ImageObject","inLanguage":"ru-RU","@id":"https:\/\/restauranteodissei.es\/#\/schema\/logo\/image\/","url":"http:\/\/restauranteodissei.es\/wp-content\/uploads\/Logo-1-1.png","contentUrl":"http:\/\/restauranteodissei.es\/wp-content\/uploads\/Logo-1-1.png","width":465,"height":184,"caption":"Restaurante Odissei"},"image":{"@id":"https:\/\/restauranteodissei.es\/#\/schema\/logo\/image\/"},"sameAs":["https:\/\/www.facebook.com\/groups\/1592865247608490\/user\/100045490943863"]}]}},"_links":{"self":[{"href":"https:\/\/restauranteodissei.es\/index.php?rest_route=\/wp\/v2\/pages\/1683","targetHints":{"allow":["GET"]}}],"collection":[{"href":"https:\/\/restauranteodissei.es\/index.php?rest_route=\/wp\/v2\/pages"}],"about":[{"href":"https:\/\/restauranteodissei.es\/index.php?rest_route=\/wp\/v2\/types\/page"}],"author":[{"embeddable":true,"href":"https:\/\/restauranteodissei.es\/index.php?rest_route=\/wp\/v2\/users\/2"}],"replies":[{"embeddable":true,"href":"https:\/\/restauranteodissei.es\/index.php?rest_route=%2Fwp%2Fv2%2Fcomments&post=1683"}],"version-history":[{"count":5,"href":"https:\/\/restauranteodissei.es\/index.php?rest_route=\/wp\/v2\/pages\/1683\/revisions"}],"predecessor-version":[{"id":1689,"href":"https:\/\/restauranteodissei.es\/index.php?rest_route=\/wp\/v2\/pages\/1683\/revisions\/1689"}],"up":[{"embeddable":true,"href":"https:\/\/restauranteodissei.es\/index.php?rest_route=\/wp\/v2\/pages\/1656"}],"wp:attachment":[{"href":"https:\/\/restauranteodissei.es\/index.php?rest_route=%2Fwp%2Fv2%2Fmedia&parent=1683"}],"curies":[{"name":"wp","href":"https:\/\/api.w.org\/{rel}","templated":true}]}}