{"id":1703,"date":"2021-07-29T09:48:24","date_gmt":"2021-07-29T06:48:24","guid":{"rendered":"http:\/\/restauranteodissei.es\/?page_id=1703"},"modified":"2021-07-29T09:49:08","modified_gmt":"2021-07-29T06:49:08","slug":"cookie-policy-es","status":"publish","type":"page","link":"https:\/\/restauranteodissei.es\/?page_id=1703","title":{"rendered":"Cookie Policy &#8212; Es"},"content":{"rendered":"\t\t<div data-elementor-type=\"wp-page\" data-elementor-id=\"1703\" class=\"elementor elementor-1703\" data-elementor-settings=\"[]\">\n\t\t\t\t\t\t\t<div class=\"elementor-section-wrap\">\n\t\t\t\t\t\t\t<section class=\"elementor-section elementor-top-section elementor-element elementor-element-92bb623 elementor-section-boxed elementor-section-height-default elementor-section-height-default\" data-id=\"92bb623\" data-element_type=\"section\">\n\t\t\t\t\t\t<div class=\"elementor-container elementor-column-gap-default\">\n\t\t\t\t\t<div class=\"elementor-column elementor-col-100 elementor-top-column elementor-element elementor-element-c861215\" data-id=\"c861215\" data-element_type=\"column\">\n\t\t\t<div class=\"elementor-widget-wrap elementor-element-populated\">\n\t\t\t\t\t\t\t\t<div class=\"elementor-element elementor-element-57b2001 elementor-widget elementor-widget-text-editor\" data-id=\"57b2001\" data-element_type=\"widget\" data-widget_type=\"text-editor.default\">\n\t\t\t\t<div class=\"elementor-widget-container\">\n\t\t\t\t\t\t\t\t<p><!-- wp:paragraph --><\/p>\n<h2>Pol\u00edtica de cookies<\/h2>\n<p><br \/>Utilizamos cookies propias y de terceros, para realizar el an\u00e1lisis de la navegaci\u00f3n de los usuarios. Si contin\u00faas navegando, consideramos que aceptas su uso. Puedes cambiar la configuraci\u00f3n u obtener m\u00e1s informaci\u00f3n m\u00e1s adelante en esta p\u00e1gina.<br \/>Pol\u00edtica de cookies<br \/>En cumplimiento de lo dispuesto en el art\u00edculo 22.2 de la Ley 34\/2002, de 11 de julio,<br \/>de Servicios de la Sociedad de la Informaci\u00f3n y de Comercio Electr\u00f3nico, esta p\u00e1gina web le informa, en esta secci\u00f3n, sobre la pol\u00edtica de recogida y tratamiento de cookies.<br \/>\u00bfQU\u00c9 SON LAS COOKIES?<br \/>Una cookie es un fichero que se descarga en su ordenador al acceder a determinadas p\u00e1ginas web. Las cookies permiten a una p\u00e1gina web, entre otras cosas, almacenar y recuperar informaci\u00f3n sobre los h\u00e1bitos de navegaci\u00f3n de un usuario o de su equipo y, dependiendo de la informaci\u00f3n que contengan y de la forma en que utilice su equipo, pueden utilizarse para reconocer al usuario.<br \/>LA EMPRESA pone en conocimiento del Usuario que la web utiliza cookies<br \/>con los siguientes fines:<br \/>a) Reconocer al usuario cuando inicia sesi\u00f3n y entender c\u00f3mo lleg\u00f3 a la Web con<br \/>el objetivo de proporcionar informaci\u00f3n y contenido relevantes para el Usuario<br \/>b) Recordar sus preferencias en el Uso de las funcionalidades de la Web<br \/>c) Luchar contra el fraude<br \/>\u00bfQU\u00c9 TIPOS DE COOKIES UTILIZA ESTA P\u00c1GINA WEB?<br \/>Esta p\u00e1gina web utiliza los siguientes tipos de cookies:<br \/>Cookies t\u00e9cnicas: Son aqu\u00e9llas que permiten al usuario la navegaci\u00f3n a trav\u00e9s del \u00e1rea restringida y la utilizaci\u00f3n de sus diferentes funciones, como por ejemplo, llevar a cambio el proceso de compra de un art\u00edculo.<br \/>Cookies de personalizaci\u00f3n: Son aqu\u00e9llas que permiten al usuario acceder al servicio con algunas caracter\u00edsticas de car\u00e1cter general predefinidas en funci\u00f3n de una serie de criterios en el terminal del usuario como por ejemplo serian el idioma o el tipo de navegador a trav\u00e9s del cual se conecta al servicio.<br \/>Cookies publicitarias: Son aqu\u00e9llas que, bien tratadas por esta web o por terceros, permiten gestionar de la forma m\u00e1s eficaz posible la oferta de los espacios publicitarios que hay en la p\u00e1gina web, adecuando el contenido del anuncio al contenido del servicio solicitado o al uso que realice de nuestra p\u00e1gina web. Para ello podemos analizar sus h\u00e1bitos de navegaci\u00f3n en Internet y podemos mostrarle publicidad relacionada con su perfil de navegaci\u00f3n.<\/p>\n<p><br \/>ELIMINACI\u00d3N DE LAS COOKIES.<\/p>\n<p><br \/>Las cookies pueden ser eliminadas del ordenador o dispositivo m\u00f3vil mediante el uso del navegador. Para obtener indicaciones de c\u00f3mo gestionar y eliminar las cookies, basta con dirigirse a la pesta\u00f1a \u201cAyuda\u201d del navegador y las cookies podr\u00e1n ser desactivadas o, en su caso, recibir una notificaci\u00f3n cada vez que se env\u00eda una nueva cookie al ordenador o dispositivo m\u00f3vil.<br \/>En la mayor\u00eda de los navegadores web se ofrece la posibilidad de permitir, bloquear o eliminar las cookies instaladas en su equipo.<br \/>A continuaci\u00f3n puede acceder a la configuraci\u00f3n de los navegadores webs m\u00e1s<br \/>frecuentes para aceptar, instalar o desactivar las cookies:<br \/>Firefox: https:\/\/support.mozilla.org\/es\/kb\/Borrar%20cookies<br \/>Chrome: http:\/\/support.google.com\/chrome\/bin\/answer.py?hl=es&amp;answer=95647<br \/>Explorer: http:\/\/windows.microsoft.com\/es-es\/windows7\/how-to-manage-cookies-in-<br \/>internet-explorer-9<br \/>Configurar cookies en Safari (Apple)<br \/>ADVERTENCIA SOBRE ELIMINAR COOKIES. Si el Usuario desactiva<br \/>la cookies perder\u00e1 una serie de funcionalidades y ventajas determinantes de cara al aprovechamiento de la Web.<\/p>\n<p><br \/>ACTUALIZACIONES Y CAMBIOS EN LA POL\u00cdTICA DE PRIVACIDAD DE<br \/>COOKIES:<\/p>\n<p><br \/>LA EMPRESA puede modificar esta Pol\u00edtica de Cookies en funci\u00f3n de exigencias legislativas, reglamentarias, o con la finalidad de adaptar dicha pol\u00edtica a las instrucciones dictadas por la Agencia Espa\u00f1ola de Protecci\u00f3n de Datos, por ello se aconseja a los Usuarios que la visiten peri\u00f3dicamente.<br \/>Revisada y actualizada a fecha 1 de Octubre de 2.020<br \/>Una cookie es un peque\u00f1o fichero de texto que se almacena en su navegador cuando visita casi cualquier p\u00e1gina web. Su utilidad es que la web sea capaz de recordar su visita cuando vuelva a navegar por esa p\u00e1gina. Las cookies suelen almacenar informaci\u00f3n de car\u00e1cter t\u00e9cnico, preferencias personales, personalizaci\u00f3n de contenidos, estad\u00edsticas de uso, enlaces a redes sociales, acceso a cuentas de usuario, etc. El objetivo de la cookie es adaptar el contenido de la web a su perfil y necesidades, sin cookies los servicios ofrecidos por cualquier p\u00e1gina se ver\u00edan mermados notablemente. Si desea consultar m\u00e1s informaci\u00f3n sobre qu\u00e9 son las cookies, qu\u00e9 almacenan, c\u00f3mo eliminarlas, desactivarlas, etc., le rogamos se dirija a este enlace.<\/p>\n<h2><br \/>Cookies utilizadas en este sitio web<\/h2>\n<p><br \/>Siguiendo las directrices de la Agencia Espa\u00f1ola de Protecci\u00f3n de Datos procedemos a detallar el uso de cookies que hace esta web con el fin de informarle con la m\u00e1xima exactitud posible.<br \/>Este sitio web utiliza las siguientes cookies propias:<br \/>Cookies de sesi\u00f3n, para garantizar que los usuarios que escriban comentarios en el blog sean humanos y no aplicaciones automatizadas. De esta forma se combate el spam.<br \/>Este sitio web utiliza las siguientes cookies de terceros:<br \/>Google Analytics: Almacena cookies para poder elaborar estad\u00edsticas sobre el tr\u00e1fico y volumen de visitas de esta web. Al utilizar este sitio web est\u00e1 consintiendo el tratamiento de informaci\u00f3n acerca de usted por Google. Por tanto, el ejercicio de cualquier derecho en este sentido deber\u00e1 hacerlo comunicando directamente con Google.<br \/>Redes sociales: Cada red social utiliza sus propias cookies para que usted pueda pinchar en botones del tipo Me gusta o Compartir.<\/p>\n<h2><br \/>Desactivaci\u00f3n o eliminaci\u00f3n de cookies<\/h2>\n<p><br \/>En cualquier momento podr\u00e1 ejercer su derecho de desactivaci\u00f3n o eliminaci\u00f3n de cookies de este sitio web. Estas acciones se realizan de forma diferente en funci\u00f3n del navegador que est\u00e9 usando. Aqu\u00ed le dejamos una gu\u00eda r\u00e1pida para los navegadores m\u00e1s populares.<\/p>\n<p><!-- \/wp:paragraph --><\/p>\t\t\t\t\t\t<\/div>\n\t\t\t\t<\/div>\n\t\t\t\t\t<\/div>\n\t\t<\/div>\n\t\t\t\t\t\t\t<\/div>\n\t\t<\/section>\n\t\t\t\t\t\t<\/div>\n\t\t\t\t\t<\/div>\n\t\t","protected":false},"excerpt":{"rendered":"<p>Pol\u00edtica de cookies Utilizamos cookies propias y de terceros, para realizar el an\u00e1lisis de la navegaci\u00f3n de los usuarios. Si contin\u00faas navegando, consideramos que aceptas su uso. Puedes cambiar la configuraci\u00f3n u obtener m\u00e1s informaci\u00f3n m\u00e1s adelante en esta p\u00e1gina.Pol\u00edtica de cookiesEn cumplimiento de lo dispuesto en el art\u00edculo 22.2 de la Ley 34\/2002, de [&hellip;]<\/p>\n","protected":false},"author":2,"featured_media":0,"parent":1656,"menu_order":0,"comment_status":"closed","ping_status":"closed","template":"elementor_header_footer","meta":{"footnotes":""},"class_list":["post-1703","page","type-page","status-publish","hentry"],"yoast_head":"<!-- This site is optimized with the Yoast SEO plugin v27.5 - https:\/\/yoast.com\/product\/yoast-seo-wordpress\/ -->\n<title>Restaurante Odissei<\/title>\n<meta name=\"description\" content=\"Cocina georgiana. Grill restaurante. Comida de Georgia en M\u00e1laga. Asador.\" \/>\n<meta name=\"robots\" content=\"index, follow, max-snippet:-1, max-image-preview:large, max-video-preview:-1\" \/>\n<link rel=\"canonical\" href=\"https:\/\/restauranteodissei.es\/?page_id=1703\" \/>\n<meta property=\"og:locale\" content=\"ru_RU\" \/>\n<meta property=\"og:type\" content=\"article\" \/>\n<meta property=\"og:title\" content=\"Restaurante Odissei\" \/>\n<meta property=\"og:description\" content=\"Cocina georgiana. Grill restaurante. Comida de Georgia en M\u00e1laga. Asador.\" \/>\n<meta property=\"og:url\" content=\"https:\/\/restauranteodissei.es\/?page_id=1703\" \/>\n<meta property=\"og:site_name\" content=\"Restaurante Odissei\" \/>\n<meta property=\"article:publisher\" content=\"https:\/\/www.facebook.com\/groups\/1592865247608490\/user\/100045490943863\" \/>\n<meta property=\"article:modified_time\" content=\"2021-07-29T06:49:08+00:00\" \/>\n<meta name=\"twitter:card\" content=\"summary_large_image\" \/>\n<meta name=\"twitter:label1\" content=\"\u041f\u0440\u0438\u043c\u0435\u0440\u043d\u043e\u0435 \u0432\u0440\u0435\u043c\u044f \u0434\u043b\u044f \u0447\u0442\u0435\u043d\u0438\u044f\" \/>\n\t<meta name=\"twitter:data1\" content=\"5 \u043c\u0438\u043d\u0443\u0442\" \/>\n<script type=\"application\/ld+json\" class=\"yoast-schema-graph\">{\"@context\":\"https:\\\/\\\/schema.org\",\"@graph\":[{\"@type\":\"WebPage\",\"@id\":\"https:\\\/\\\/restauranteodissei.es\\\/?page_id=1703\",\"url\":\"https:\\\/\\\/restauranteodissei.es\\\/?page_id=1703\",\"name\":\"Restaurante Odissei\",\"isPartOf\":{\"@id\":\"https:\\\/\\\/restauranteodissei.es\\\/#website\"},\"datePublished\":\"2021-07-29T06:48:24+00:00\",\"dateModified\":\"2021-07-29T06:49:08+00:00\",\"description\":\"Cocina georgiana. Grill restaurante. Comida de Georgia en M\u00e1laga. Asador.\",\"breadcrumb\":{\"@id\":\"https:\\\/\\\/restauranteodissei.es\\\/?page_id=1703#breadcrumb\"},\"inLanguage\":\"ru-RU\",\"potentialAction\":[{\"@type\":\"ReadAction\",\"target\":[\"https:\\\/\\\/restauranteodissei.es\\\/?page_id=1703\"]}]},{\"@type\":\"BreadcrumbList\",\"@id\":\"https:\\\/\\\/restauranteodissei.es\\\/?page_id=1703#breadcrumb\",\"itemListElement\":[{\"@type\":\"ListItem\",\"position\":1,\"name\":\"\u0413\u043b\u0430\u0432\u043d\u0430\u044f \u0441\u0442\u0440\u0430\u043d\u0438\u0446\u0430\",\"item\":\"https:\\\/\\\/restauranteodissei.es\\\/\"},{\"@type\":\"ListItem\",\"position\":2,\"name\":\"Restaurante Odissei\",\"item\":\"https:\\\/\\\/restauranteodissei.es\\\/\"},{\"@type\":\"ListItem\",\"position\":3,\"name\":\"Cookie Policy &#8212; Es\"}]},{\"@type\":\"WebSite\",\"@id\":\"https:\\\/\\\/restauranteodissei.es\\\/#website\",\"url\":\"https:\\\/\\\/restauranteodissei.es\\\/\",\"name\":\"Restaurante Odissei\",\"description\":\"Comida de Georgia en M\u00e1laga\",\"publisher\":{\"@id\":\"https:\\\/\\\/restauranteodissei.es\\\/#organization\"},\"potentialAction\":[{\"@type\":\"SearchAction\",\"target\":{\"@type\":\"EntryPoint\",\"urlTemplate\":\"https:\\\/\\\/restauranteodissei.es\\\/?s={search_term_string}\"},\"query-input\":{\"@type\":\"PropertyValueSpecification\",\"valueRequired\":true,\"valueName\":\"search_term_string\"}}],\"inLanguage\":\"ru-RU\"},{\"@type\":\"Organization\",\"@id\":\"https:\\\/\\\/restauranteodissei.es\\\/#organization\",\"name\":\"Restaurante Odissei\",\"url\":\"https:\\\/\\\/restauranteodissei.es\\\/\",\"logo\":{\"@type\":\"ImageObject\",\"inLanguage\":\"ru-RU\",\"@id\":\"https:\\\/\\\/restauranteodissei.es\\\/#\\\/schema\\\/logo\\\/image\\\/\",\"url\":\"http:\\\/\\\/restauranteodissei.es\\\/wp-content\\\/uploads\\\/Logo-1-1.png\",\"contentUrl\":\"http:\\\/\\\/restauranteodissei.es\\\/wp-content\\\/uploads\\\/Logo-1-1.png\",\"width\":465,\"height\":184,\"caption\":\"Restaurante Odissei\"},\"image\":{\"@id\":\"https:\\\/\\\/restauranteodissei.es\\\/#\\\/schema\\\/logo\\\/image\\\/\"},\"sameAs\":[\"https:\\\/\\\/www.facebook.com\\\/groups\\\/1592865247608490\\\/user\\\/100045490943863\"]}]}<\/script>\n<!-- \/ Yoast SEO plugin. -->","yoast_head_json":{"title":"Restaurante Odissei","description":"Cocina georgiana. Grill restaurante. Comida de Georgia en M\u00e1laga. Asador.","robots":{"index":"index","follow":"follow","max-snippet":"max-snippet:-1","max-image-preview":"max-image-preview:large","max-video-preview":"max-video-preview:-1"},"canonical":"https:\/\/restauranteodissei.es\/?page_id=1703","og_locale":"ru_RU","og_type":"article","og_title":"Restaurante Odissei","og_description":"Cocina georgiana. Grill restaurante. Comida de Georgia en M\u00e1laga. Asador.","og_url":"https:\/\/restauranteodissei.es\/?page_id=1703","og_site_name":"Restaurante Odissei","article_publisher":"https:\/\/www.facebook.com\/groups\/1592865247608490\/user\/100045490943863","article_modified_time":"2021-07-29T06:49:08+00:00","twitter_card":"summary_large_image","twitter_misc":{"\u041f\u0440\u0438\u043c\u0435\u0440\u043d\u043e\u0435 \u0432\u0440\u0435\u043c\u044f \u0434\u043b\u044f \u0447\u0442\u0435\u043d\u0438\u044f":"5 \u043c\u0438\u043d\u0443\u0442"},"schema":{"@context":"https:\/\/schema.org","@graph":[{"@type":"WebPage","@id":"https:\/\/restauranteodissei.es\/?page_id=1703","url":"https:\/\/restauranteodissei.es\/?page_id=1703","name":"Restaurante Odissei","isPartOf":{"@id":"https:\/\/restauranteodissei.es\/#website"},"datePublished":"2021-07-29T06:48:24+00:00","dateModified":"2021-07-29T06:49:08+00:00","description":"Cocina georgiana. Grill restaurante. Comida de Georgia en M\u00e1laga. Asador.","breadcrumb":{"@id":"https:\/\/restauranteodissei.es\/?page_id=1703#breadcrumb"},"inLanguage":"ru-RU","potentialAction":[{"@type":"ReadAction","target":["https:\/\/restauranteodissei.es\/?page_id=1703"]}]},{"@type":"BreadcrumbList","@id":"https:\/\/restauranteodissei.es\/?page_id=1703#breadcrumb","itemListElement":[{"@type":"ListItem","position":1,"name":"\u0413\u043b\u0430\u0432\u043d\u0430\u044f \u0441\u0442\u0440\u0430\u043d\u0438\u0446\u0430","item":"https:\/\/restauranteodissei.es\/"},{"@type":"ListItem","position":2,"name":"Restaurante Odissei","item":"https:\/\/restauranteodissei.es\/"},{"@type":"ListItem","position":3,"name":"Cookie Policy &#8212; Es"}]},{"@type":"WebSite","@id":"https:\/\/restauranteodissei.es\/#website","url":"https:\/\/restauranteodissei.es\/","name":"Restaurante Odissei","description":"Comida de Georgia en M\u00e1laga","publisher":{"@id":"https:\/\/restauranteodissei.es\/#organization"},"potentialAction":[{"@type":"SearchAction","target":{"@type":"EntryPoint","urlTemplate":"https:\/\/restauranteodissei.es\/?s={search_term_string}"},"query-input":{"@type":"PropertyValueSpecification","valueRequired":true,"valueName":"search_term_string"}}],"inLanguage":"ru-RU"},{"@type":"Organization","@id":"https:\/\/restauranteodissei.es\/#organization","name":"Restaurante Odissei","url":"https:\/\/restauranteodissei.es\/","logo":{"@type":"ImageObject","inLanguage":"ru-RU","@id":"https:\/\/restauranteodissei.es\/#\/schema\/logo\/image\/","url":"http:\/\/restauranteodissei.es\/wp-content\/uploads\/Logo-1-1.png","contentUrl":"http:\/\/restauranteodissei.es\/wp-content\/uploads\/Logo-1-1.png","width":465,"height":184,"caption":"Restaurante Odissei"},"image":{"@id":"https:\/\/restauranteodissei.es\/#\/schema\/logo\/image\/"},"sameAs":["https:\/\/www.facebook.com\/groups\/1592865247608490\/user\/100045490943863"]}]}},"_links":{"self":[{"href":"https:\/\/restauranteodissei.es\/index.php?rest_route=\/wp\/v2\/pages\/1703","targetHints":{"allow":["GET"]}}],"collection":[{"href":"https:\/\/restauranteodissei.es\/index.php?rest_route=\/wp\/v2\/pages"}],"about":[{"href":"https:\/\/restauranteodissei.es\/index.php?rest_route=\/wp\/v2\/types\/page"}],"author":[{"embeddable":true,"href":"https:\/\/restauranteodissei.es\/index.php?rest_route=\/wp\/v2\/users\/2"}],"replies":[{"embeddable":true,"href":"https:\/\/restauranteodissei.es\/index.php?rest_route=%2Fwp%2Fv2%2Fcomments&post=1703"}],"version-history":[{"count":5,"href":"https:\/\/restauranteodissei.es\/index.php?rest_route=\/wp\/v2\/pages\/1703\/revisions"}],"predecessor-version":[{"id":1708,"href":"https:\/\/restauranteodissei.es\/index.php?rest_route=\/wp\/v2\/pages\/1703\/revisions\/1708"}],"up":[{"embeddable":true,"href":"https:\/\/restauranteodissei.es\/index.php?rest_route=\/wp\/v2\/pages\/1656"}],"wp:attachment":[{"href":"https:\/\/restauranteodissei.es\/index.php?rest_route=%2Fwp%2Fv2%2Fmedia&parent=1703"}],"curies":[{"name":"wp","href":"https:\/\/api.w.org\/{rel}","templated":true}]}}